{"id":2,"date":"2021-05-02T22:26:16","date_gmt":"2021-05-02T20:26:16","guid":{"rendered":"http:\/\/manel.chorfa.fr\/?page_id=2"},"modified":"2021-05-03T02:29:06","modified_gmt":"2021-05-03T00:29:06","slug":"home","status":"publish","type":"page","link":"http:\/\/manel.chorfa.fr\/","title":{"rendered":"Accueil"},"content":{"rendered":"\n<p>Blog d&#8217;une passionn\u00e9e \u00a0culinaire. Vous y trouverez plein de recettes originales qui plairont \u00e0 vos proches.<\/p>\n\n\n\n<blockquote class=\"wp-block-quote is-layout-flow wp-block-quote-is-layout-flow\"><p>Ce site \u00e0 pour vocation de partager mon amour de la gastronomie de mani\u00e8re g\u00e9n\u00e9rale et de la p\u00e2tisserie plus pr\u00e9cis\u00e9ment.<br>J&#8217;exp\u00e9rimente de nouvelles recettes fr\u00e9quemment que je partage sur mes r\u00e9seaux sociaux.<br>Je pr\u00e9pare \u00e9galement des p\u00e2tisseries pour des grandes occasions comme les mariages et les anniversaires.<br>Suivez-moi sur les r\u00e9seaux sociaux pour en savoir plus<\/p><cite>Manel.<\/cite><\/blockquote>\n\n\n\r\n<div id=\"sb_instagram\" class=\"sbi sbi_col_2  sbi_width_resp\" style=\"padding-bottom: 10px;width: 100%;\" data-feedid=\"sbi_17841405796535254#4\" data-res=\"auto\" data-cols=\"2\" data-num=\"4\" data-shortcode-atts=\"{}\"  data-postid=\"2\" data-sbi-flags=\"favorLocal\">\r\n\t\r\n    <div id=\"sbi_images\" style=\"padding: 5px;\">\r\n\t\t<div class=\"sbi_item sbi_type_carousel sbi_new sbi_transition\" id=\"sbi_17843418827221730\" data-date=\"1592129751\">\r\n    <div class=\"sbi_photo_wrap\">\r\n        <a class=\"sbi_photo\" href=\"https:\/\/www.instagram.com\/p\/CBaWvgWjE4x79ubbPY_ePhEeRnUbuJKoXqE9jo0\/\" target=\"_blank\" rel=\"noopener nofollow\" data-full-res=\"https:\/\/scontent-ams4-1.cdninstagram.com\/v\/t51.29350-15\/103582175_108231180827326_7138748852686084821_n.jpg?_nc_cat=108&#038;ccb=1-3&#038;_nc_sid=8ae9d6&#038;_nc_ohc=DFIQjx3GX94AX9Wc_g2&#038;_nc_ht=scontent-ams4-1.cdninstagram.com&#038;oh=85a7d8842da78ecb3d7b42c15e7c461a&#038;oe=60D1E903\" data-img-src-set=\"{&quot;d&quot;:&quot;https:\\\/\\\/scontent-ams4-1.cdninstagram.com\\\/v\\\/t51.29350-15\\\/103582175_108231180827326_7138748852686084821_n.jpg?_nc_cat=108&amp;ccb=1-3&amp;_nc_sid=8ae9d6&amp;_nc_ohc=DFIQjx3GX94AX9Wc_g2&amp;_nc_ht=scontent-ams4-1.cdninstagram.com&amp;oh=85a7d8842da78ecb3d7b42c15e7c461a&amp;oe=60D1E903&quot;,&quot;150&quot;:&quot;https:\\\/\\\/scontent-ams4-1.cdninstagram.com\\\/v\\\/t51.29350-15\\\/103582175_108231180827326_7138748852686084821_n.jpg?_nc_cat=108&amp;ccb=1-3&amp;_nc_sid=8ae9d6&amp;_nc_ohc=DFIQjx3GX94AX9Wc_g2&amp;_nc_ht=scontent-ams4-1.cdninstagram.com&amp;oh=85a7d8842da78ecb3d7b42c15e7c461a&amp;oe=60D1E903&quot;,&quot;320&quot;:&quot;https:\\\/\\\/scontent-ams4-1.cdninstagram.com\\\/v\\\/t51.29350-15\\\/103582175_108231180827326_7138748852686084821_n.jpg?_nc_cat=108&amp;ccb=1-3&amp;_nc_sid=8ae9d6&amp;_nc_ohc=DFIQjx3GX94AX9Wc_g2&amp;_nc_ht=scontent-ams4-1.cdninstagram.com&amp;oh=85a7d8842da78ecb3d7b42c15e7c461a&amp;oe=60D1E903&quot;,&quot;640&quot;:&quot;https:\\\/\\\/scontent-ams4-1.cdninstagram.com\\\/v\\\/t51.29350-15\\\/103582175_108231180827326_7138748852686084821_n.jpg?_nc_cat=108&amp;ccb=1-3&amp;_nc_sid=8ae9d6&amp;_nc_ohc=DFIQjx3GX94AX9Wc_g2&amp;_nc_ht=scontent-ams4-1.cdninstagram.com&amp;oh=85a7d8842da78ecb3d7b42c15e7c461a&amp;oe=60D1E903&quot;}\">\r\n            <span class=\"sbi-screenreader\">Tarte bourdaloue<\/span>\r\n            <svg class=\"svg-inline--fa fa-clone fa-w-16 sbi_lightbox_carousel_icon\" aria-hidden=\"true\" aria-label=\"Clone\" data-fa-pro\u0192cessed=\"\" data-prefix=\"far\" data-icon=\"clone\" role=\"img\" xmlns=\"http:\/\/www.w3.org\/2000\/svg\" viewBox=\"0 0 512 512\">\r\n\t                <path fill=\"currentColor\" d=\"M464 0H144c-26.51 0-48 21.49-48 48v48H48c-26.51 0-48 21.49-48 48v320c0 26.51 21.49 48 48 48h320c26.51 0 48-21.49 48-48v-48h48c26.51 0 48-21.49 48-48V48c0-26.51-21.49-48-48-48zM362 464H54a6 6 0 0 1-6-6V150a6 6 0 0 1 6-6h42v224c0 26.51 21.49 48 48 48h224v42a6 6 0 0 1-6 6zm96-96H150a6 6 0 0 1-6-6V54a6 6 0 0 1 6-6h308a6 6 0 0 1 6 6v308a6 6 0 0 1-6 6z\"><\/path>\r\n\t            <\/svg>\t                    <img decoding=\"async\" src=\"http:\/\/manel.chorfa.fr\/wp-content\/plugins\/instagram-feed\/img\/placeholder.png\" alt=\"Tarte bourdaloue\">\r\n        <\/a>\r\n    <\/div>\r\n<\/div><div class=\"sbi_item sbi_type_image sbi_new sbi_transition\" id=\"sbi_17876238580722541\" data-date=\"1592129483\">\r\n    <div class=\"sbi_photo_wrap\">\r\n        <a class=\"sbi_photo\" href=\"https:\/\/www.instagram.com\/p\/CBaWO4zjd2aXuyzeRyyuh93w9wMuMGdaTpJtKk0\/\" target=\"_blank\" rel=\"noopener nofollow\" data-full-res=\"https:\/\/scontent-ams4-1.cdninstagram.com\/v\/t51.29350-15\/103964758_264020118361076_2985029451594618306_n.jpg?_nc_cat=107&#038;ccb=1-3&#038;_nc_sid=8ae9d6&#038;_nc_ohc=OHMLybXYy2gAX_IZIIS&#038;_nc_ht=scontent-ams4-1.cdninstagram.com&#038;oh=47ab7534822c5ff7c7cedcbc4c2b615d&#038;oe=60D10946\" data-img-src-set=\"{&quot;d&quot;:&quot;https:\\\/\\\/scontent-ams4-1.cdninstagram.com\\\/v\\\/t51.29350-15\\\/103964758_264020118361076_2985029451594618306_n.jpg?_nc_cat=107&amp;ccb=1-3&amp;_nc_sid=8ae9d6&amp;_nc_ohc=OHMLybXYy2gAX_IZIIS&amp;_nc_ht=scontent-ams4-1.cdninstagram.com&amp;oh=47ab7534822c5ff7c7cedcbc4c2b615d&amp;oe=60D10946&quot;,&quot;150&quot;:&quot;https:\\\/\\\/scontent-ams4-1.cdninstagram.com\\\/v\\\/t51.29350-15\\\/103964758_264020118361076_2985029451594618306_n.jpg?_nc_cat=107&amp;ccb=1-3&amp;_nc_sid=8ae9d6&amp;_nc_ohc=OHMLybXYy2gAX_IZIIS&amp;_nc_ht=scontent-ams4-1.cdninstagram.com&amp;oh=47ab7534822c5ff7c7cedcbc4c2b615d&amp;oe=60D10946&quot;,&quot;320&quot;:&quot;https:\\\/\\\/scontent-ams4-1.cdninstagram.com\\\/v\\\/t51.29350-15\\\/103964758_264020118361076_2985029451594618306_n.jpg?_nc_cat=107&amp;ccb=1-3&amp;_nc_sid=8ae9d6&amp;_nc_ohc=OHMLybXYy2gAX_IZIIS&amp;_nc_ht=scontent-ams4-1.cdninstagram.com&amp;oh=47ab7534822c5ff7c7cedcbc4c2b615d&amp;oe=60D10946&quot;,&quot;640&quot;:&quot;https:\\\/\\\/scontent-ams4-1.cdninstagram.com\\\/v\\\/t51.29350-15\\\/103964758_264020118361076_2985029451594618306_n.jpg?_nc_cat=107&amp;ccb=1-3&amp;_nc_sid=8ae9d6&amp;_nc_ohc=OHMLybXYy2gAX_IZIIS&amp;_nc_ht=scontent-ams4-1.cdninstagram.com&amp;oh=47ab7534822c5ff7c7cedcbc4c2b615d&amp;oe=60D10946&quot;}\">\r\n            <span class=\"sbi-screenreader\">G\u00e2teau raffaello<\/span>\r\n            \t                    <img decoding=\"async\" src=\"http:\/\/manel.chorfa.fr\/wp-content\/plugins\/instagram-feed\/img\/placeholder.png\" alt=\"G\u00e2teau raffaello\">\r\n        <\/a>\r\n    <\/div>\r\n<\/div><div class=\"sbi_item sbi_type_image sbi_new sbi_transition\" id=\"sbi_17918903908404863\" data-date=\"1587781324\">\r\n    <div class=\"sbi_photo_wrap\">\r\n        <a class=\"sbi_photo\" href=\"https:\/\/www.instagram.com\/p\/B_YwxwSDqBOur9BmL_cKIgkp7jranz7oMfB1sc0\/\" target=\"_blank\" rel=\"noopener nofollow\" data-full-res=\"https:\/\/scontent-amt2-1.cdninstagram.com\/v\/t51.2885-15\/94368624_131465451821633_2765219010200867381_n.jpg?_nc_cat=106&#038;ccb=1-3&#038;_nc_sid=8ae9d6&#038;_nc_ohc=14gHQ2rMVaYAX__Dzeq&#038;_nc_ht=scontent-amt2-1.cdninstagram.com&#038;oh=5e7aaa5adb151ca35c1e71842c8a7a73&#038;oe=60D15F21\" data-img-src-set=\"{&quot;d&quot;:&quot;https:\\\/\\\/scontent-amt2-1.cdninstagram.com\\\/v\\\/t51.2885-15\\\/94368624_131465451821633_2765219010200867381_n.jpg?_nc_cat=106&amp;ccb=1-3&amp;_nc_sid=8ae9d6&amp;_nc_ohc=14gHQ2rMVaYAX__Dzeq&amp;_nc_ht=scontent-amt2-1.cdninstagram.com&amp;oh=5e7aaa5adb151ca35c1e71842c8a7a73&amp;oe=60D15F21&quot;,&quot;150&quot;:&quot;https:\\\/\\\/scontent-amt2-1.cdninstagram.com\\\/v\\\/t51.2885-15\\\/94368624_131465451821633_2765219010200867381_n.jpg?_nc_cat=106&amp;ccb=1-3&amp;_nc_sid=8ae9d6&amp;_nc_ohc=14gHQ2rMVaYAX__Dzeq&amp;_nc_ht=scontent-amt2-1.cdninstagram.com&amp;oh=5e7aaa5adb151ca35c1e71842c8a7a73&amp;oe=60D15F21&quot;,&quot;320&quot;:&quot;https:\\\/\\\/scontent-amt2-1.cdninstagram.com\\\/v\\\/t51.2885-15\\\/94368624_131465451821633_2765219010200867381_n.jpg?_nc_cat=106&amp;ccb=1-3&amp;_nc_sid=8ae9d6&amp;_nc_ohc=14gHQ2rMVaYAX__Dzeq&amp;_nc_ht=scontent-amt2-1.cdninstagram.com&amp;oh=5e7aaa5adb151ca35c1e71842c8a7a73&amp;oe=60D15F21&quot;,&quot;640&quot;:&quot;https:\\\/\\\/scontent-amt2-1.cdninstagram.com\\\/v\\\/t51.2885-15\\\/94368624_131465451821633_2765219010200867381_n.jpg?_nc_cat=106&amp;ccb=1-3&amp;_nc_sid=8ae9d6&amp;_nc_ohc=14gHQ2rMVaYAX__Dzeq&amp;_nc_ht=scontent-amt2-1.cdninstagram.com&amp;oh=5e7aaa5adb151ca35c1e71842c8a7a73&amp;oe=60D15F21&quot;}\">\r\n            <span class=\"sbi-screenreader\">Instagram post 17918903908404863<\/span>\r\n            \t                    <img decoding=\"async\" src=\"http:\/\/manel.chorfa.fr\/wp-content\/plugins\/instagram-feed\/img\/placeholder.png\" alt=\"Instagram post 17918903908404863\">\r\n        <\/a>\r\n    <\/div>\r\n<\/div><div class=\"sbi_item sbi_type_image sbi_new sbi_transition\" id=\"sbi_17913652153423470\" data-date=\"1587781178\">\r\n    <div class=\"sbi_photo_wrap\">\r\n        <a class=\"sbi_photo\" href=\"https:\/\/www.instagram.com\/p\/B_Ywf4HjNLcS64RMgullc9HpfPfVFL14o3Sq8Y0\/\" target=\"_blank\" rel=\"noopener nofollow\" data-full-res=\"https:\/\/scontent-amt2-1.cdninstagram.com\/v\/t51.2885-15\/94157048_2686959861537792_4422369181204855420_n.jpg?_nc_cat=106&#038;ccb=1-3&#038;_nc_sid=8ae9d6&#038;_nc_ohc=Km75kAUol0oAX-2W88B&#038;_nc_ht=scontent-amt2-1.cdninstagram.com&#038;oh=9261ac5a82b5e00d16115ca176a2ae48&#038;oe=60D1A8AC\" data-img-src-set=\"{&quot;d&quot;:&quot;https:\\\/\\\/scontent-amt2-1.cdninstagram.com\\\/v\\\/t51.2885-15\\\/94157048_2686959861537792_4422369181204855420_n.jpg?_nc_cat=106&amp;ccb=1-3&amp;_nc_sid=8ae9d6&amp;_nc_ohc=Km75kAUol0oAX-2W88B&amp;_nc_ht=scontent-amt2-1.cdninstagram.com&amp;oh=9261ac5a82b5e00d16115ca176a2ae48&amp;oe=60D1A8AC&quot;,&quot;150&quot;:&quot;https:\\\/\\\/scontent-amt2-1.cdninstagram.com\\\/v\\\/t51.2885-15\\\/94157048_2686959861537792_4422369181204855420_n.jpg?_nc_cat=106&amp;ccb=1-3&amp;_nc_sid=8ae9d6&amp;_nc_ohc=Km75kAUol0oAX-2W88B&amp;_nc_ht=scontent-amt2-1.cdninstagram.com&amp;oh=9261ac5a82b5e00d16115ca176a2ae48&amp;oe=60D1A8AC&quot;,&quot;320&quot;:&quot;https:\\\/\\\/scontent-amt2-1.cdninstagram.com\\\/v\\\/t51.2885-15\\\/94157048_2686959861537792_4422369181204855420_n.jpg?_nc_cat=106&amp;ccb=1-3&amp;_nc_sid=8ae9d6&amp;_nc_ohc=Km75kAUol0oAX-2W88B&amp;_nc_ht=scontent-amt2-1.cdninstagram.com&amp;oh=9261ac5a82b5e00d16115ca176a2ae48&amp;oe=60D1A8AC&quot;,&quot;640&quot;:&quot;https:\\\/\\\/scontent-amt2-1.cdninstagram.com\\\/v\\\/t51.2885-15\\\/94157048_2686959861537792_4422369181204855420_n.jpg?_nc_cat=106&amp;ccb=1-3&amp;_nc_sid=8ae9d6&amp;_nc_ohc=Km75kAUol0oAX-2W88B&amp;_nc_ht=scontent-amt2-1.cdninstagram.com&amp;oh=9261ac5a82b5e00d16115ca176a2ae48&amp;oe=60D1A8AC&quot;}\">\r\n            <span class=\"sbi-screenreader\">Instagram post 17913652153423470<\/span>\r\n            \t                    <img decoding=\"async\" src=\"http:\/\/manel.chorfa.fr\/wp-content\/plugins\/instagram-feed\/img\/placeholder.png\" alt=\"Instagram post 17913652153423470\">\r\n        <\/a>\r\n    <\/div>\r\n<\/div>    <\/div>\r\n\r\n\t<div id=\"sbi_load\">\r\n\r\n\t\r\n\t    <span class=\"sbi_follow_btn\">\r\n        <a href=\"https:\/\/www.instagram.com\/manel.manoula.988\/\"  target=\"_blank\" rel=\"noopener nofollow\"><svg class=\"svg-inline--fa fa-instagram fa-w-14\" aria-hidden=\"true\" data-fa-processed=\"\" aria-label=\"Instagram\" data-prefix=\"fab\" data-icon=\"instagram\" role=\"img\" viewBox=\"0 0 448 512\">\r\n\t                <path fill=\"currentColor\" d=\"M224.1 141c-63.6 0-114.9 51.3-114.9 114.9s51.3 114.9 114.9 114.9S339 319.5 339 255.9 287.7 141 224.1 141zm0 189.6c-41.1 0-74.7-33.5-74.7-74.7s33.5-74.7 74.7-74.7 74.7 33.5 74.7 74.7-33.6 74.7-74.7 74.7zm146.4-194.3c0 14.9-12 26.8-26.8 26.8-14.9 0-26.8-12-26.8-26.8s12-26.8 26.8-26.8 26.8 12 26.8 26.8zm76.1 27.2c-1.7-35.9-9.9-67.7-36.2-93.9-26.2-26.2-58-34.4-93.9-36.2-37-2.1-147.9-2.1-184.9 0-35.8 1.7-67.6 9.9-93.9 36.1s-34.4 58-36.2 93.9c-2.1 37-2.1 147.9 0 184.9 1.7 35.9 9.9 67.7 36.2 93.9s58 34.4 93.9 36.2c37 2.1 147.9 2.1 184.9 0 35.9-1.7 67.7-9.9 93.9-36.2 26.2-26.2 34.4-58 36.2-93.9 2.1-37 2.1-147.8 0-184.8zM398.8 388c-7.8 19.6-22.9 34.7-42.6 42.6-29.5 11.7-99.5 9-132.1 9s-102.7 2.6-132.1-9c-19.6-7.8-34.7-22.9-42.6-42.6-11.7-29.5-9-99.5-9-132.1s-2.6-102.7 9-132.1c7.8-19.6 22.9-34.7 42.6-42.6 29.5-11.7 99.5-9 132.1-9s102.7-2.6 132.1 9c19.6 7.8 34.7 22.9 42.6 42.6 11.7 29.5 9 99.5 9 132.1s2.7 102.7-9 132.1z\"><\/path>\r\n\t            <\/svg>Suivre sur Instagram<\/a>\r\n    <\/span>\r\n\t\r\n<\/div>\r\n\t    <span class=\"sbi_resized_image_data\" data-feed-id=\"sbi_17841405796535254#4\" data-resized=\"{&quot;17843418827221730&quot;:{&quot;id&quot;:&quot;103582175_108231180827326_7138748852686084821_n&quot;,&quot;ratio&quot;:&quot;1.00&quot;,&quot;sizes&quot;:{&quot;full&quot;:640,&quot;low&quot;:320,&quot;thumb&quot;:150}},&quot;17876238580722541&quot;:{&quot;id&quot;:&quot;103964758_264020118361076_2985029451594618306_n&quot;,&quot;ratio&quot;:&quot;1.00&quot;,&quot;sizes&quot;:{&quot;full&quot;:640,&quot;low&quot;:320,&quot;thumb&quot;:150}},&quot;17918903908404863&quot;:{&quot;id&quot;:&quot;94368624_131465451821633_2765219010200867381_n&quot;,&quot;ratio&quot;:&quot;1.00&quot;,&quot;sizes&quot;:{&quot;full&quot;:640,&quot;low&quot;:320,&quot;thumb&quot;:150}},&quot;17913652153423470&quot;:{&quot;id&quot;:&quot;94157048_2686959861537792_4422369181204855420_n&quot;,&quot;ratio&quot;:&quot;1.00&quot;,&quot;sizes&quot;:{&quot;full&quot;:640,&quot;low&quot;:320,&quot;thumb&quot;:150}}}\">\r\n\t<\/span>\r\n\t        <div id=\"sbi_mod_error\">\r\n            <span>This error message is only visible to WordPress admins<\/span><br \/>\r\n\t\t\t<div><strong>There has been a problem with your Instagram Feed.<\/strong><\/div><div><strong>Error: Private Instagram Account.<\/strong><\/div>        <\/div>\r\n\t\t<\/div>\r\n\r\n\n\n\n<p><\/p>\n","protected":false},"excerpt":{"rendered":"<p>Blog d&#8217;une passionn\u00e9e \u00a0culinaire. Vous y trouverez plein de recettes originales qui plairont \u00e0 vos proches. Ce site \u00e0 pour vocation de partager mon amour de la gastronomie de mani\u00e8re g\u00e9n\u00e9rale et de la p\u00e2tisserie plus pr\u00e9cis\u00e9ment.J&#8217;exp\u00e9rimente de nouvelles recettes fr\u00e9quemment que je partage sur mes r\u00e9seaux sociaux.Je pr\u00e9pare \u00e9galement des p\u00e2tisseries pour des grandes occasions comme les mariages et &hellip; <\/p>\n","protected":false},"author":1,"featured_media":0,"parent":0,"menu_order":0,"comment_status":"closed","ping_status":"closed","template":"","meta":{"om_disable_all_campaigns":false,"_monsterinsights_skip_tracking":false,"_monsterinsights_sitenote_active":false,"_monsterinsights_sitenote_note":"","_monsterinsights_sitenote_category":0,"footnotes":""},"class_list":["post-2","page","type-page","status-publish","hentry"],"_links":{"self":[{"href":"http:\/\/manel.chorfa.fr\/index.php\/wp-json\/wp\/v2\/pages\/2","targetHints":{"allow":["GET"]}}],"collection":[{"href":"http:\/\/manel.chorfa.fr\/index.php\/wp-json\/wp\/v2\/pages"}],"about":[{"href":"http:\/\/manel.chorfa.fr\/index.php\/wp-json\/wp\/v2\/types\/page"}],"author":[{"embeddable":true,"href":"http:\/\/manel.chorfa.fr\/index.php\/wp-json\/wp\/v2\/users\/1"}],"replies":[{"embeddable":true,"href":"http:\/\/manel.chorfa.fr\/index.php\/wp-json\/wp\/v2\/comments?post=2"}],"version-history":[{"count":9,"href":"http:\/\/manel.chorfa.fr\/index.php\/wp-json\/wp\/v2\/pages\/2\/revisions"}],"predecessor-version":[{"id":34,"href":"http:\/\/manel.chorfa.fr\/index.php\/wp-json\/wp\/v2\/pages\/2\/revisions\/34"}],"wp:attachment":[{"href":"http:\/\/manel.chorfa.fr\/index.php\/wp-json\/wp\/v2\/media?parent=2"}],"curies":[{"name":"wp","href":"https:\/\/api.w.org\/{rel}","templated":true}]}}